{"id":7696,"date":"2024-12-10T12:34:36","date_gmt":"2024-12-10T12:34:36","guid":{"rendered":"https:\/\/baliceremony.com\/kosik\/"},"modified":"2024-12-15T21:09:44","modified_gmt":"2024-12-15T21:09:44","slug":"kosik","status":"publish","type":"page","link":"https:\/\/baliceremony.com\/cs\/kosik\/","title":{"rendered":"Ko\u0161\u00edk"},"content":{"rendered":"\n<div data-block-name=\"woocommerce\/cart\" class=\"wp-block-woocommerce-cart alignwide is-loading\">\n<div data-block-name=\"woocommerce\/filled-cart-block\" class=\"wp-block-woocommerce-filled-cart-block\">\n<div data-block-name=\"woocommerce\/cart-items-block\" class=\"wp-block-woocommerce-cart-items-block\">\n<div data-block-name=\"woocommerce\/cart-line-items-block\" class=\"wp-block-woocommerce-cart-line-items-block\"><\/div>\n\n\n\n<div data-block-name=\"woocommerce\/cart-cross-sells-block\" class=\"wp-block-woocommerce-cart-cross-sells-block\">\n<h2 class=\"wp-block-heading has-large-font-size\">Mohlo by v\u00e1s zaj\u00edmat&#8230;<\/h2>\n\n\n\n<div data-block-name=\"woocommerce\/cart-cross-sells-products-block\" class=\"wp-block-woocommerce-cart-cross-sells-products-block\"><\/div>\n<\/div>\n<\/div>\n\n\n\n<div data-block-name=\"woocommerce\/cart-totals-block\" class=\"wp-block-woocommerce-cart-totals-block\">\n<div data-block-name=\"woocommerce\/cart-order-summary-block\" class=\"wp-block-woocommerce-cart-order-summary-block\">\n<div data-block-name=\"woocommerce\/cart-order-summary-heading-block\" class=\"wp-block-woocommerce-cart-order-summary-heading-block\"><\/div><div data-block-name=\"woocommerce\/cart-order-summary-coupon-form-block\" class=\"wp-block-woocommerce-cart-order-summary-coupon-form-block\"><\/div><div data-block-name=\"woocommerce\/cart-order-summary-totals-block\" class=\"wp-block-woocommerce-cart-order-summary-totals-block\">\n<div data-block-name=\"woocommerce\/cart-order-summary-subtotal-block\" class=\"wp-block-woocommerce-cart-order-summary-subtotal-block\"><\/div>\n<div data-block-name=\"woocommerce\/cart-order-summary-discount-block\" class=\"wp-block-woocommerce-cart-order-summary-discount-block\"><\/div>\n<div data-block-name=\"woocommerce\/cart-order-summary-fee-block\" class=\"wp-block-woocommerce-cart-order-summary-fee-block\"><\/div>\n<div data-block-name=\"woocommerce\/cart-order-summary-shipping-block\" class=\"wp-block-woocommerce-cart-order-summary-shipping-block\"><\/div>\n<div data-block-name=\"woocommerce\/cart-order-summary-taxes-block\" class=\"wp-block-woocommerce-cart-order-summary-taxes-block\"><\/div><\/div>\n<\/div>\n\n\n\n<div data-block-name=\"woocommerce\/cart-express-payment-block\" class=\"wp-block-woocommerce-cart-express-payment-block\"><\/div>\n\n\n\n<div data-block-name=\"woocommerce\/proceed-to-checkout-block\" class=\"wp-block-woocommerce-proceed-to-checkout-block\"><\/div>\n\n\n\n<div data-block-name=\"woocommerce\/cart-accepted-payment-methods-block\" class=\"wp-block-woocommerce-cart-accepted-payment-methods-block\"><\/div>\n<\/div>\n<\/div>\n\n\n\n<div data-block-name=\"woocommerce\/empty-cart-block\" class=\"wp-block-woocommerce-empty-cart-block\">\n<h2 class=\"wp-block-heading has-text-align-center with-empty-cart-icon wc-block-cart__empty-cart__title\">V\u00e1\u0161 ko\u0161\u00edk je moment\u00e1ln\u011b pr\u00e1zdn\u00fd!<\/h2>\n\n\n\n<hr class=\"wp-block-separator has-alpha-channel-opacity is-style-dots\"\/>\n\n\n\n<h2 class=\"wp-block-heading has-text-align-center\">Novinky v obchod\u011b<\/h2>\n\n\n<div data-block-name=\"woocommerce\/product-new\" data-columns=\"4\" data-rows=\"1\" class=\"wc-block-grid wp-block-product-new wp-block-woocommerce-product-new wc-block-product-new has-4-columns\"><ul class=\"wc-block-grid__products\"><li class=\"wc-block-grid__product\">\n\t\t\t\t<a href=\"https:\/\/baliceremony.com\/cs\/product\/isadora\/\" class=\"wc-block-grid__product-link\">\n\t\t\t\t\t\n\t\t\t\t\t<div class=\"wc-block-grid__product-image\"><img fetchpriority=\"high\" decoding=\"async\" width=\"300\" height=\"300\" src=\"https:\/\/baliceremony.com\/wp-content\/uploads\/2023\/02\/shop01-300x300.jpg\" class=\"attachment-woocommerce_thumbnail size-woocommerce_thumbnail\" alt=\"Isadora\" srcset=\"https:\/\/baliceremony.com\/wp-content\/uploads\/2023\/02\/shop01-300x300.jpg 300w, https:\/\/baliceremony.com\/wp-content\/uploads\/2023\/02\/shop01-150x150.jpg 150w, https:\/\/baliceremony.com\/wp-content\/uploads\/2023\/02\/shop01-768x768.jpg 768w, https:\/\/baliceremony.com\/wp-content\/uploads\/2023\/02\/shop01-720x720.jpg 720w, https:\/\/baliceremony.com\/wp-content\/uploads\/2023\/02\/shop01-600x600.jpg 600w, https:\/\/baliceremony.com\/wp-content\/uploads\/2023\/02\/shop01-100x100.jpg 100w, https:\/\/baliceremony.com\/wp-content\/uploads\/2023\/02\/shop01.jpg 1000w\" sizes=\"(max-width: 300px) 100vw, 300px\" \/><\/div>\n\t\t\t\t\t<div class=\"wc-block-grid__product-title\">Isadora<\/div>\n\t\t\t\t<\/a>\n\t\t\t\t<div class=\"wc-block-grid__product-price price\"><span class=\"woocommerce-Price-amount amount\"><span class=\"woocommerce-Price-currencySymbol\">&#036;<\/span>830.00<\/span><\/div>\n\t\t\t\t\n\t\t\t\t<div class=\"wp-block-button wc-block-grid__product-add-to-cart\"><a href=\"\/cs\/wp-json\/wp\/v2\/pages\/7696?add-to-cart=4406\" aria-label=\"P\u0159idat do ko\u0161\u00edku: &ldquo;Isadora&rdquo;\" data-quantity=\"1\" data-product_id=\"4406\" data-product_sku=\"\" data-price=\"830\" rel=\"nofollow\" class=\"wp-block-button__link  add_to_cart_button ajax_add_to_cart\">P\u0159idat do ko\u0161\u00edku<\/a><\/div>\n\t\t\t<\/li><li class=\"wc-block-grid__product\">\n\t\t\t\t<a href=\"https:\/\/baliceremony.com\/cs\/product\/lil-rosalind\/\" class=\"wc-block-grid__product-link\">\n\t\t\t\t\t\n\t\t\t\t\t<div class=\"wc-block-grid__product-image\"><img decoding=\"async\" width=\"300\" height=\"300\" src=\"https:\/\/baliceremony.com\/wp-content\/uploads\/2023\/02\/shop02-300x300.jpg\" class=\"attachment-woocommerce_thumbnail size-woocommerce_thumbnail\" alt=\"Lil Rosalind\" srcset=\"https:\/\/baliceremony.com\/wp-content\/uploads\/2023\/02\/shop02-300x300.jpg 300w, https:\/\/baliceremony.com\/wp-content\/uploads\/2023\/02\/shop02-150x150.jpg 150w, https:\/\/baliceremony.com\/wp-content\/uploads\/2023\/02\/shop02-768x768.jpg 768w, https:\/\/baliceremony.com\/wp-content\/uploads\/2023\/02\/shop02-720x720.jpg 720w, https:\/\/baliceremony.com\/wp-content\/uploads\/2023\/02\/shop02-600x600.jpg 600w, https:\/\/baliceremony.com\/wp-content\/uploads\/2023\/02\/shop02-100x100.jpg 100w, https:\/\/baliceremony.com\/wp-content\/uploads\/2023\/02\/shop02.jpg 1000w\" sizes=\"(max-width: 300px) 100vw, 300px\" \/><\/div>\n\t\t\t\t\t<div class=\"wc-block-grid__product-title\">Lil Rosalind<\/div>\n\t\t\t\t<\/a>\n\t\t\t\t<div class=\"wc-block-grid__product-price price\"><span class=\"woocommerce-Price-amount amount\"><span class=\"woocommerce-Price-currencySymbol\">&#036;<\/span>490.00<\/span><\/div>\n\t\t\t\t\n\t\t\t\t<div class=\"wp-block-button wc-block-grid__product-add-to-cart\"><a href=\"\/cs\/wp-json\/wp\/v2\/pages\/7696?add-to-cart=4384\" aria-label=\"P\u0159idat do ko\u0161\u00edku: &ldquo;Lil Rosalind&rdquo;\" data-quantity=\"1\" data-product_id=\"4384\" data-product_sku=\"\" data-price=\"490\" rel=\"nofollow\" class=\"wp-block-button__link  add_to_cart_button ajax_add_to_cart\">P\u0159idat do ko\u0161\u00edku<\/a><\/div>\n\t\t\t<\/li><li class=\"wc-block-grid__product\">\n\t\t\t\t<a href=\"https:\/\/baliceremony.com\/cs\/product\/harper-sweet\/\" class=\"wc-block-grid__product-link\">\n\t\t\t\t\t<div class=\"wc-block-grid__product-onsale\">\n\t\t\t<span aria-hidden=\"true\">Sleva<\/span>\n\t\t\t<span class=\"screen-reader-text\">Produkt za ak\u010dn\u00ed cenu<\/span>\n\t\t<\/div>\n\t\t\t\t\t<div class=\"wc-block-grid__product-image\"><img decoding=\"async\" width=\"300\" height=\"300\" src=\"https:\/\/baliceremony.com\/wp-content\/uploads\/2023\/02\/shop03-300x300.jpg\" class=\"attachment-woocommerce_thumbnail size-woocommerce_thumbnail\" alt=\"Harper Sweet\" srcset=\"https:\/\/baliceremony.com\/wp-content\/uploads\/2023\/02\/shop03-300x300.jpg 300w, https:\/\/baliceremony.com\/wp-content\/uploads\/2023\/02\/shop03-150x150.jpg 150w, https:\/\/baliceremony.com\/wp-content\/uploads\/2023\/02\/shop03-768x768.jpg 768w, https:\/\/baliceremony.com\/wp-content\/uploads\/2023\/02\/shop03-720x720.jpg 720w, https:\/\/baliceremony.com\/wp-content\/uploads\/2023\/02\/shop03-600x600.jpg 600w, https:\/\/baliceremony.com\/wp-content\/uploads\/2023\/02\/shop03-100x100.jpg 100w, https:\/\/baliceremony.com\/wp-content\/uploads\/2023\/02\/shop03.jpg 1000w\" sizes=\"(max-width: 300px) 100vw, 300px\" \/><\/div>\n\t\t\t\t\t<div class=\"wc-block-grid__product-title\">Harper Sweet<\/div>\n\t\t\t\t<\/a>\n\t\t\t\t<div class=\"wc-block-grid__product-price price\"><del aria-hidden=\"true\"><span class=\"woocommerce-Price-amount amount\"><span class=\"woocommerce-Price-currencySymbol\">&#036;<\/span>1,200.00<\/span><\/del> <span class=\"screen-reader-text\">P\u016fvodn\u00ed cena byla: &#036;1,200.00.<\/span><ins aria-hidden=\"true\"><span class=\"woocommerce-Price-amount amount\"><span class=\"woocommerce-Price-currencySymbol\">&#036;<\/span>900.00<\/span><\/ins><span class=\"screen-reader-text\">Aktu\u00e1ln\u00ed cena je: &#036;900.00.<\/span><\/div>\n\t\t\t\t\n\t\t\t\t<div class=\"wp-block-button wc-block-grid__product-add-to-cart\"><a href=\"\/cs\/wp-json\/wp\/v2\/pages\/7696?add-to-cart=4148\" aria-label=\"P\u0159idat do ko\u0161\u00edku: &ldquo;Harper Sweet&rdquo;\" data-quantity=\"1\" data-product_id=\"4148\" data-product_sku=\"\" data-price=\"900\" rel=\"nofollow\" class=\"wp-block-button__link  add_to_cart_button ajax_add_to_cart\">P\u0159idat do ko\u0161\u00edku<\/a><\/div>\n\t\t\t<\/li><li class=\"wc-block-grid__product\">\n\t\t\t\t<a href=\"https:\/\/baliceremony.com\/cs\/product\/fila-love\/\" class=\"wc-block-grid__product-link\">\n\t\t\t\t\t\n\t\t\t\t\t<div class=\"wc-block-grid__product-image\"><img loading=\"lazy\" decoding=\"async\" width=\"300\" height=\"300\" src=\"https:\/\/baliceremony.com\/wp-content\/uploads\/2023\/02\/shop04-300x300.jpg\" class=\"attachment-woocommerce_thumbnail size-woocommerce_thumbnail\" alt=\"Fila Love\" srcset=\"https:\/\/baliceremony.com\/wp-content\/uploads\/2023\/02\/shop04-300x300.jpg 300w, https:\/\/baliceremony.com\/wp-content\/uploads\/2023\/02\/shop04-150x150.jpg 150w, https:\/\/baliceremony.com\/wp-content\/uploads\/2023\/02\/shop04-768x768.jpg 768w, https:\/\/baliceremony.com\/wp-content\/uploads\/2023\/02\/shop04-720x720.jpg 720w, https:\/\/baliceremony.com\/wp-content\/uploads\/2023\/02\/shop04-600x600.jpg 600w, https:\/\/baliceremony.com\/wp-content\/uploads\/2023\/02\/shop04-100x100.jpg 100w, https:\/\/baliceremony.com\/wp-content\/uploads\/2023\/02\/shop04.jpg 1000w\" sizes=\"(max-width: 300px) 100vw, 300px\" \/><\/div>\n\t\t\t\t\t<div class=\"wc-block-grid__product-title\">Fila Love<\/div>\n\t\t\t\t<\/a>\n\t\t\t\t<div class=\"wc-block-grid__product-price price\"><span class=\"woocommerce-Price-amount amount\"><span class=\"woocommerce-Price-currencySymbol\">&#036;<\/span>850.00<\/span><\/div>\n\t\t\t\t\n\t\t\t\t<div class=\"wp-block-button wc-block-grid__product-add-to-cart\"><a href=\"\/cs\/wp-json\/wp\/v2\/pages\/7696?add-to-cart=4147\" aria-label=\"P\u0159idat do ko\u0161\u00edku: &ldquo;Fila Love&rdquo;\" data-quantity=\"1\" data-product_id=\"4147\" data-product_sku=\"\" data-price=\"850\" rel=\"nofollow\" class=\"wp-block-button__link  add_to_cart_button ajax_add_to_cart\">P\u0159idat do ko\u0161\u00edku<\/a><\/div>\n\t\t\t<\/li><\/ul><\/div><\/div>\n<\/div>\n","protected":false},"excerpt":{"rendered":"","protected":false},"author":1,"featured_media":0,"parent":0,"menu_order":0,"comment_status":"closed","ping_status":"closed","template":"","meta":{"footnotes":""},"class_list":["post-7696","page","type-page","status-publish","hentry"],"jetpack_sharing_enabled":true,"_links":{"self":[{"href":"https:\/\/baliceremony.com\/cs\/wp-json\/wp\/v2\/pages\/7696","targetHints":{"allow":["GET"]}}],"collection":[{"href":"https:\/\/baliceremony.com\/cs\/wp-json\/wp\/v2\/pages"}],"about":[{"href":"https:\/\/baliceremony.com\/cs\/wp-json\/wp\/v2\/types\/page"}],"author":[{"embeddable":true,"href":"https:\/\/baliceremony.com\/cs\/wp-json\/wp\/v2\/users\/1"}],"replies":[{"embeddable":true,"href":"https:\/\/baliceremony.com\/cs\/wp-json\/wp\/v2\/comments?post=7696"}],"version-history":[{"count":1,"href":"https:\/\/baliceremony.com\/cs\/wp-json\/wp\/v2\/pages\/7696\/revisions"}],"predecessor-version":[{"id":7697,"href":"https:\/\/baliceremony.com\/cs\/wp-json\/wp\/v2\/pages\/7696\/revisions\/7697"}],"wp:attachment":[{"href":"https:\/\/baliceremony.com\/cs\/wp-json\/wp\/v2\/media?parent=7696"}],"curies":[{"name":"wp","href":"https:\/\/api.w.org\/{rel}","templated":true}]}}